{"id":195,"date":"2022-08-22T15:20:51","date_gmt":"2022-08-22T15:20:51","guid":{"rendered":"https:\/\/massagetherapymedellin.co\/?page_id=195"},"modified":"2022-09-14T16:28:35","modified_gmt":"2022-09-14T16:28:35","slug":"aclaramiento-facial","status":"publish","type":"page","link":"https:\/\/massagetherapymedellin.co\/?page_id=195","title":{"rendered":"ACLARAMIENTO FACIAL"},"content":{"rendered":"\n\t<section class=\"section\" id=\"section_1034645380\">\n\t\t<div class=\"bg section-bg fill bg-fill  bg-loaded\" >\n\n\t\t\t\n\t\t\t\n\t\t\t\n\n\t\t<\/div>\n\n\t\t\n\n\t\t<div class=\"section-content relative\">\n\t\t\t\n\n<div class=\"row row-collapse row-full-width align-middle align-center\"  id=\"row-2042137291\">\n\n\n\t<div id=\"col-1103448717\" class=\"col medium-12 small-12 large-6 medium-col-first\"  >\n\t\t\t\t<div class=\"col-inner\"  >\n\t\t\t\n\t\t\t\n\n\n  <div class=\"banner has-hover\" id=\"banner-2078055570\">\n          <div class=\"banner-inner fill\">\n        <div class=\"banner-bg fill\" >\n            <div class=\"bg fill bg-fill \"><\/div>\n                                    \n                    <\/div>\n\t\t\n        <div class=\"banner-layers container\">\n            <div class=\"fill banner-link\"><\/div>               <div id=\"text-box-1843390444\" class=\"text-box banner-layer x50 md-x50 lg-x50 y50 md-y50 lg-y50 res-text\">\n                     <div data-animate=\"fadeIn\">           <div class=\"text-box-content text dark\">\n              \n              <div class=\"text-inner text-center\">\n                  \n\n\n              <\/div>\n           <\/div>\n       <\/div>                     \n<style>\n#text-box-1843390444 {\n  width: 60%;\n}\n#text-box-1843390444 .text-box-content {\n  font-size: 100%;\n}\n@media (min-width:550px) {\n  #text-box-1843390444 {\n    width: 60%;\n  }\n}\n<\/style>\n    <\/div>\n         <\/div>\n      <\/div>\n\n            \n<style>\n#banner-2078055570 {\n  padding-top: 300px;\n  background-color: rgba(255, 255, 255, 0);\n}\n#banner-2078055570 .bg.bg-loaded {\n  background-image: url(https:\/\/massagetherapymedellin.co\/wp-content\/uploads\/2022\/08\/young-woman-lying-cosmetologist-s-table-during-rejuvenation-procedure-scaled.jpg);\n}\n#banner-2078055570 .bg {\n  background-position: 66% 31%;\n}\n#banner-2078055570 .ux-shape-divider--top svg {\n  height: 150px;\n  --divider-top-width: 100%;\n}\n#banner-2078055570 .ux-shape-divider--bottom svg {\n  height: 150px;\n  --divider-width: 100%;\n}\n@media (min-width:550px) {\n  #banner-2078055570 {\n    padding-top: 400px;\n  }\n}\n@media (min-width:850px) {\n  #banner-2078055570 {\n    padding-top: 550px;\n  }\n}\n<\/style>\n  <\/div>\n\n\n\n\t\t<\/div>\n\t\t\t\t\t<\/div>\n\n\t\n\n\t<div id=\"col-1366519398\" class=\"col index-up medium-12 small-11 large-6\"  >\n\t\t\t\t<div class=\"col-inner\"  >\n\t\t\t\n\t\t\t\n\n\t<div id=\"gap-635982170\" class=\"gap-element clearfix\" style=\"display:block; height:auto;\">\n\t\t\n<style>\n#gap-635982170 {\n  padding-top: 30px;\n}\n<\/style>\n\t<\/div>\n\t\n\n<div class=\"row align-center\"  id=\"row-459332382\">\n\n\n\t<div id=\"col-932797764\" class=\"col index-up medium-11 small-12 large-12\"  >\n\t\t\t\t<div class=\"col-inner text-center\" style=\"background-color:rgb(255, 255, 255);\" >\n\t\t\t\n\t\t\t\n\n<h2>ACLARAMIENTO FACIAL <\/h2>\n<p>En un procedimiento que tiene como objetivo promover la regeneraci\u00f3n celular, generando la estimulaci\u00f3n de c\u00e9lulas de col\u00e1geno y elastina, produciendo un aclaramiento y rejuvenecimiento facial.<\/p>\n<a href=\"https:\/\/massagetherapymedellin.co\/?page_id=59\" target=\"_self\" class=\"button secondary is-outline is-larger expand\"  style=\"border-radius:5px;padding:5px 20px 5px 20px;\">\n    <span>agenda tu    cita<\/span>\n  <\/a>\n\n\n<a href=\"https:\/\/api.whatsapp.com\/send?phone=573137586060&#038;text=HolaMassageTherapyMedelln\" target=\"_self\" class=\"button secondary is-larger expand\"  style=\"border-radius:5px;padding:5px 20px 5px 20px;\">\n    <span>habla con un asesor<\/span>\n  <\/a>\n\n\n\n\t\t<\/div>\n\t\t\t\t\n<style>\n#col-932797764 > .col-inner {\n  padding: 15% 10% 15% 10%;\n  margin: -100px 0px 0px 0px;\n  border-radius: 5px;\n}\n@media (min-width:550px) {\n  #col-932797764 > .col-inner {\n    padding: 6% 6% 6% 6%;\n    margin: -150px 0px 0px 0px;\n  }\n}\n@media (min-width:850px) {\n  #col-932797764 > .col-inner {\n    padding: 7% 10% 7% 10%;\n    margin: 0px 0px 0px -100px;\n  }\n}\n<\/style>\n\t<\/div>\n\n\t\n\n<\/div>\n\n\t\t<\/div>\n\t\t\t\t\n<style>\n#col-1366519398 > .col-inner {\n  padding: 10px 0px 20px 0px;\n}\n@media (min-width:550px) {\n  #col-1366519398 > .col-inner {\n    padding: 35px 0px 30px 0px;\n  }\n}\n@media (min-width:850px) {\n  #col-1366519398 > .col-inner {\n    padding: 0 0px 0px 0px;\n  }\n}\n<\/style>\n\t<\/div>\n\n\t\n\n<\/div>\n\n\t\t<\/div>\n\n\t\t\n<style>\n#section_1034645380 {\n  padding-top: 0px;\n  padding-bottom: 0px;\n  margin-bottom: 0px;\n  background-color: rgb(47, 57, 96);\n}\n#section_1034645380 .ux-shape-divider--top svg {\n  height: 150px;\n  --divider-top-width: 100%;\n}\n#section_1034645380 .ux-shape-divider--bottom svg {\n  height: 150px;\n  --divider-width: 100%;\n}\n@media (min-width:550px) {\n  #section_1034645380 {\n    padding-top: 0px;\n    padding-bottom: 0px;\n  }\n}\n<\/style>\n\t<\/section>\n\t\n\n","protected":false},"excerpt":{"rendered":"","protected":false},"author":1,"featured_media":0,"parent":0,"menu_order":0,"comment_status":"closed","ping_status":"closed","template":"page-blank.php","meta":{"om_disable_all_campaigns":false,"_monsterinsights_skip_tracking":false,"_monsterinsights_sitenote_active":false,"_monsterinsights_sitenote_note":"","_monsterinsights_sitenote_category":0,"footnotes":""},"class_list":["post-195","page","type-page","status-publish","hentry"],"aioseo_notices":[],"_hostinger_reach_plugin_has_subscription_block":false,"_hostinger_reach_plugin_is_elementor":false,"_links":{"self":[{"href":"https:\/\/massagetherapymedellin.co\/index.php?rest_route=\/wp\/v2\/pages\/195","targetHints":{"allow":["GET"]}}],"collection":[{"href":"https:\/\/massagetherapymedellin.co\/index.php?rest_route=\/wp\/v2\/pages"}],"about":[{"href":"https:\/\/massagetherapymedellin.co\/index.php?rest_route=\/wp\/v2\/types\/page"}],"author":[{"embeddable":true,"href":"https:\/\/massagetherapymedellin.co\/index.php?rest_route=\/wp\/v2\/users\/1"}],"replies":[{"embeddable":true,"href":"https:\/\/massagetherapymedellin.co\/index.php?rest_route=%2Fwp%2Fv2%2Fcomments&post=195"}],"version-history":[{"count":5,"href":"https:\/\/massagetherapymedellin.co\/index.php?rest_route=\/wp\/v2\/pages\/195\/revisions"}],"predecessor-version":[{"id":344,"href":"https:\/\/massagetherapymedellin.co\/index.php?rest_route=\/wp\/v2\/pages\/195\/revisions\/344"}],"wp:attachment":[{"href":"https:\/\/massagetherapymedellin.co\/index.php?rest_route=%2Fwp%2Fv2%2Fmedia&parent=195"}],"curies":[{"name":"wp","href":"https:\/\/api.w.org\/{rel}","templated":true}]}}